{"id":2,"date":"2023-10-18T12:55:29","date_gmt":"2023-10-18T12:55:29","guid":{"rendered":"https:\/\/hvw-wiesler.de\/?page_id=2"},"modified":"2023-10-26T12:54:05","modified_gmt":"2023-10-26T12:54:05","slug":"sample-page","status":"publish","type":"page","link":"https:\/\/hvw-wiesler.de\/","title":{"rendered":"HVW Hausverwaltungs-Gesellschaft GmBH"},"content":{"rendered":"\n<p>In der sch\u00f6nen Stadt Freiburg im Breisgau haben wir uns darauf spezialisiert, Ihnen den besten Service zu bieten. Als Eigent\u00fcmer erhalten Sie von uns eine Rundumbetreuung in allen Bereichen der Immobiliendienstleistung.<\/p>\n\n\n\n<p>Unser 1984 als Einzelunternehmen gegr\u00fcndetes Unternehmen wurde 1992 in eine GmbH umgewandelt und konzentriert sich ausschlie\u00dflich auf die Verwaltung von Immobilien und ist in diesem Bereich zu einem der f\u00fchrenden Dienstleister in unserer Region gewachsen.<\/p>\n\n\n\n<p>Durch die Spezialisierung und die regionale Ausrichtung sind wir in der Lage, den unterschiedlichen Anforderungen unserer Kunden in und um Freiburg gerecht zu werden.<\/p>\n\n\n\n<p>Wir betreuen mit steigender Tendenz<\/p>\n\n\n\n<ul class=\"wp-block-list\">\n<li>2.000&nbsp; Mietwohnungen<\/li>\n\n\n\n<li>110 Wohnungseigent\u00fcmergemeinschaften<\/li>\n\n\n\n<li>16 Gewerbeanlagen<\/li>\n<\/ul>\n\n\n\n<p>Neben unserer Hauptt\u00e4tigkeit haben wir mit vielen Partnern Rahmenvertr\u00e4ge geschlossen, die ein Garant f\u00fcr die Wirtschaftlichkeit Ihrer Immobilie sind. Es ist unser Bem\u00fchen, die Betriebskosten auf lange Zeit kalkulierbar zu halten.<\/p>\n\n\n\n<hr class=\"wp-block-separator has-alpha-channel-opacity\"\/>\n","protected":false},"excerpt":{"rendered":"<p>In der sch\u00f6nen Stadt Freiburg im Breisgau haben wir uns darauf spezialisiert, Ihnen den besten Service zu bieten. Als Eigent\u00fcmer erhalten Sie von uns eine Rundumbetreuung in allen Bereichen der &#8230;<\/p>\n","protected":false},"author":1,"featured_media":65,"parent":0,"menu_order":0,"comment_status":"closed","ping_status":"open","template":"template-frontpage.php","meta":{"footnotes":""},"class_list":["post-2","page","type-page","status-publish","has-post-thumbnail","hentry"],"jetpack_sharing_enabled":true,"_links":{"self":[{"href":"https:\/\/hvw-wiesler.de\/index.php?rest_route=\/wp\/v2\/pages\/2","targetHints":{"allow":["GET"]}}],"collection":[{"href":"https:\/\/hvw-wiesler.de\/index.php?rest_route=\/wp\/v2\/pages"}],"about":[{"href":"https:\/\/hvw-wiesler.de\/index.php?rest_route=\/wp\/v2\/types\/page"}],"author":[{"embeddable":true,"href":"https:\/\/hvw-wiesler.de\/index.php?rest_route=\/wp\/v2\/users\/1"}],"replies":[{"embeddable":true,"href":"https:\/\/hvw-wiesler.de\/index.php?rest_route=%2Fwp%2Fv2%2Fcomments&post=2"}],"version-history":[{"count":3,"href":"https:\/\/hvw-wiesler.de\/index.php?rest_route=\/wp\/v2\/pages\/2\/revisions"}],"predecessor-version":[{"id":116,"href":"https:\/\/hvw-wiesler.de\/index.php?rest_route=\/wp\/v2\/pages\/2\/revisions\/116"}],"wp:featuredmedia":[{"embeddable":true,"href":"https:\/\/hvw-wiesler.de\/index.php?rest_route=\/wp\/v2\/media\/65"}],"wp:attachment":[{"href":"https:\/\/hvw-wiesler.de\/index.php?rest_route=%2Fwp%2Fv2%2Fmedia&parent=2"}],"curies":[{"name":"wp","href":"https:\/\/api.w.org\/{rel}","templated":true}]}}