{"id":48,"date":"2023-10-18T12:41:32","date_gmt":"2023-10-18T12:41:32","guid":{"rendered":"https:\/\/hvw-wiesler.de\/?page_id=48"},"modified":"2024-01-18T13:39:22","modified_gmt":"2024-01-18T13:39:22","slug":"ueber-uns","status":"publish","type":"page","link":"https:\/\/hvw-wiesler.de\/?page_id=48","title":{"rendered":"Service"},"content":{"rendered":"\n<p><strong>\u00dcber 100 Eigent\u00fcmergemeinschaften nutzen seit vielen Jahren unser Serviceangebot:<\/strong><\/p>\n\n\n\n<ul class=\"wp-block-list\">\n<li>Individuelle Betreuung Ihres Gemeinschaftseigentums<\/li>\n\n\n\n<li>Regelm\u00e4\u00dfige Begehung Ihrer Wohnungseigentumsanlage<\/li>\n\n\n\n<li>Erstellung von Wirtschaftspl\u00e4nen<\/li>\n\n\n\n<li>Erstellung von Hausgeldabrechnungen<\/li>\n\n\n\n<li>Kompetente Vorbereitung und Durchf\u00fchrung von Eigent\u00fcmerversammlungen<\/li>\n\n\n\n<li>Vermittlung von Mietern<\/li>\n<\/ul>\n\n\n\n<p>Wir sorgen f\u00fcr solvente Mieter durch die obligatorische Bonit\u00e4tsp\u00fcfung vor dem Einzug, k\u00fcmmern uns um die sachgerechte Wohnungs\u00fcbergabe bei Einzug und selbstverst\u00e4ndlich auch um die Wohnungsabnahme bei Auszug. W\u00e4hrend des Mietverh\u00e4ltnisses sind wir der Ansprechpartner f\u00fcr Sie und Ihre Mieter.<\/p>\n\n\n\n<p><\/p>\n","protected":false},"excerpt":{"rendered":"<p>\u00dcber 100 Eigent\u00fcmergemeinschaften nutzen seit vielen Jahren unser Serviceangebot.<\/p>\n","protected":false},"author":1,"featured_media":39,"parent":0,"menu_order":0,"comment_status":"closed","ping_status":"closed","template":"","meta":{"footnotes":""},"class_list":["post-48","page","type-page","status-publish","has-post-thumbnail","hentry"],"jetpack_sharing_enabled":true,"_links":{"self":[{"href":"https:\/\/hvw-wiesler.de\/index.php?rest_route=\/wp\/v2\/pages\/48","targetHints":{"allow":["GET"]}}],"collection":[{"href":"https:\/\/hvw-wiesler.de\/index.php?rest_route=\/wp\/v2\/pages"}],"about":[{"href":"https:\/\/hvw-wiesler.de\/index.php?rest_route=\/wp\/v2\/types\/page"}],"author":[{"embeddable":true,"href":"https:\/\/hvw-wiesler.de\/index.php?rest_route=\/wp\/v2\/users\/1"}],"replies":[{"embeddable":true,"href":"https:\/\/hvw-wiesler.de\/index.php?rest_route=%2Fwp%2Fv2%2Fcomments&post=48"}],"version-history":[{"count":6,"href":"https:\/\/hvw-wiesler.de\/index.php?rest_route=\/wp\/v2\/pages\/48\/revisions"}],"predecessor-version":[{"id":221,"href":"https:\/\/hvw-wiesler.de\/index.php?rest_route=\/wp\/v2\/pages\/48\/revisions\/221"}],"wp:featuredmedia":[{"embeddable":true,"href":"https:\/\/hvw-wiesler.de\/index.php?rest_route=\/wp\/v2\/media\/39"}],"wp:attachment":[{"href":"https:\/\/hvw-wiesler.de\/index.php?rest_route=%2Fwp%2Fv2%2Fmedia&parent=48"}],"curies":[{"name":"wp","href":"https:\/\/api.w.org\/{rel}","templated":true}]}}